{"id":227,"date":"2020-04-13T11:18:54","date_gmt":"2020-04-13T11:18:54","guid":{"rendered":"http:\/\/www.na-hajovne.cz\/index.php\/home\/"},"modified":"2025-02-18T20:54:45","modified_gmt":"2025-02-18T19:54:45","slug":"home","status":"publish","type":"page","link":"https:\/\/www.na-hajovne.cz\/","title":{"rendered":"Home"},"content":{"rendered":"\t\t<div data-elementor-type=\"wp-page\" data-elementor-id=\"227\" class=\"elementor elementor-227\">\n\t\t\t\t\t\t<section class=\"elementor-section elementor-top-section elementor-element elementor-element-5939a86c elementor-section-height-min-height elementor-section-boxed elementor-section-height-default elementor-section-items-middle\" data-id=\"5939a86c\" data-element_type=\"section\" data-settings=\"{&quot;background_background&quot;:&quot;classic&quot;}\">\n\t\t\t\t\t\t\t<div class=\"elementor-background-overlay\"><\/div>\n\t\t\t\t\t\t\t<div class=\"elementor-container elementor-column-gap-no\">\n\t\t\t\t\t<div class=\"elementor-column elementor-col-100 elementor-top-column elementor-element elementor-element-6f6a47a9\" data-id=\"6f6a47a9\" data-element_type=\"column\">\n\t\t\t<div class=\"elementor-widget-wrap elementor-element-populated\">\n\t\t\t\t\t\t<div class=\"elementor-element elementor-element-23988c8 elementor-widget-divider--view-line elementor-widget elementor-widget-divider\" data-id=\"23988c8\" data-element_type=\"widget\" data-widget_type=\"divider.default\">\n\t\t\t\t<div class=\"elementor-widget-container\">\n\t\t\t\t\t\t\t<div class=\"elementor-divider\">\n\t\t\t<span class=\"elementor-divider-separator\">\n\t\t\t\t\t\t<\/span>\n\t\t<\/div>\n\t\t\t\t\t\t<\/div>\n\t\t\t\t<\/div>\n\t\t\t\t<div class=\"elementor-element elementor-element-1c0d792 elementor-widget elementor-widget-text-editor\" data-id=\"1c0d792\" data-element_type=\"widget\" data-widget_type=\"text-editor.default\">\n\t\t\t\t<div class=\"elementor-widget-container\">\n\t\t\t\t\t\t\t\t\t<p>Ubytov\u00e1n\u00ed mezi \u0160umavou a \u010cesk\u00fdm lesem<\/p>\t\t\t\t\t\t\t\t<\/div>\n\t\t\t\t<\/div>\n\t\t\t\t\t<\/div>\n\t\t<\/div>\n\t\t\t\t\t<\/div>\n\t\t<\/section>\n\t\t\t\t<section class=\"elementor-section elementor-top-section elementor-element elementor-element-7e21b87 elementor-section-boxed elementor-section-height-default elementor-section-height-default\" data-id=\"7e21b87\" data-element_type=\"section\">\n\t\t\t\t\t\t<div class=\"elementor-container elementor-column-gap-no\">\n\t\t\t\t\t<div class=\"elementor-column elementor-col-33 elementor-top-column elementor-element elementor-element-ecf0f71\" data-id=\"ecf0f71\" data-element_type=\"column\" data-settings=\"{&quot;background_background&quot;:&quot;classic&quot;}\">\n\t\t\t<div class=\"elementor-widget-wrap elementor-element-populated\">\n\t\t\t\t\t<div class=\"elementor-background-overlay\"><\/div>\n\t\t\t\t\t\t<div class=\"elementor-element elementor-element-40c051ee elementor-widget elementor-widget-heading\" data-id=\"40c051ee\" data-element_type=\"widget\" data-widget_type=\"heading.default\">\n\t\t\t\t<div class=\"elementor-widget-container\">\n\t\t\t\t\t<h2 class=\"elementor-heading-title elementor-size-default\"><a href=\"https:\/\/www.na-hajovne.cz\/index.php\/services\/\">vybaven\u00ed<\/a><\/h2>\t\t\t\t<\/div>\n\t\t\t\t<\/div>\n\t\t\t\t\t<\/div>\n\t\t<\/div>\n\t\t\t\t<div class=\"elementor-column elementor-col-33 elementor-top-column elementor-element elementor-element-8ee04f9\" data-id=\"8ee04f9\" data-element_type=\"column\" data-settings=\"{&quot;background_background&quot;:&quot;classic&quot;}\">\n\t\t\t<div class=\"elementor-widget-wrap elementor-element-populated\">\n\t\t\t\t\t<div class=\"elementor-background-overlay\"><\/div>\n\t\t\t\t\t\t<div class=\"elementor-element elementor-element-2cb5ae60 elementor-widget elementor-widget-heading\" data-id=\"2cb5ae60\" data-element_type=\"widget\" data-widget_type=\"heading.default\">\n\t\t\t\t<div class=\"elementor-widget-container\">\n\t\t\t\t\t<h2 class=\"elementor-heading-title elementor-size-default\"><a href=\"https:\/\/www.na-hajovne.cz\/index.php\/galerie\/\">galerie<\/a><\/h2>\t\t\t\t<\/div>\n\t\t\t\t<\/div>\n\t\t\t\t\t<\/div>\n\t\t<\/div>\n\t\t\t\t<div class=\"elementor-column elementor-col-33 elementor-top-column elementor-element elementor-element-aaf2547\" data-id=\"aaf2547\" data-element_type=\"column\" data-settings=\"{&quot;background_background&quot;:&quot;classic&quot;}\">\n\t\t\t<div class=\"elementor-widget-wrap elementor-element-populated\">\n\t\t\t\t\t<div class=\"elementor-background-overlay\"><\/div>\n\t\t\t\t\t\t<div class=\"elementor-element elementor-element-c2e7812 elementor-widget elementor-widget-heading\" data-id=\"c2e7812\" data-element_type=\"widget\" data-widget_type=\"heading.default\">\n\t\t\t\t<div class=\"elementor-widget-container\">\n\t\t\t\t\t<h2 class=\"elementor-heading-title elementor-size-default\"><a href=\"https:\/\/www.na-hajovne.cz\/index.php\/vylety\/\">TYPY NA V\u00ddLETY<\/a><\/h2>\t\t\t\t<\/div>\n\t\t\t\t<\/div>\n\t\t\t\t\t<\/div>\n\t\t<\/div>\n\t\t\t\t\t<\/div>\n\t\t<\/section>\n\t\t\t\t<section class=\"elementor-section elementor-top-section elementor-element elementor-element-34277c67 elementor-section-boxed elementor-section-height-default elementor-section-height-default\" data-id=\"34277c67\" data-element_type=\"section\">\n\t\t\t\t\t\t<div class=\"elementor-container elementor-column-gap-no\">\n\t\t\t\t\t<div class=\"elementor-column elementor-col-66 elementor-top-column elementor-element elementor-element-217497e3\" data-id=\"217497e3\" data-element_type=\"column\">\n\t\t\t<div class=\"elementor-widget-wrap elementor-element-populated\">\n\t\t\t\t\t\t<div class=\"elementor-element elementor-element-25666558 elementor-widget elementor-widget-heading\" data-id=\"25666558\" data-element_type=\"widget\" data-widget_type=\"heading.default\">\n\t\t\t\t<div class=\"elementor-widget-container\">\n\t\t\t\t\t<h2 class=\"elementor-heading-title elementor-size-default\">nejlep\u0161\u00ed m\u00edsto pro va\u0161i dovolenou<\/h2>\t\t\t\t<\/div>\n\t\t\t\t<\/div>\n\t\t\t\t\t<\/div>\n\t\t<\/div>\n\t\t\t\t<div class=\"elementor-column elementor-col-33 elementor-top-column elementor-element elementor-element-2d17052\" data-id=\"2d17052\" data-element_type=\"column\">\n\t\t\t<div class=\"elementor-widget-wrap elementor-element-populated\">\n\t\t\t\t\t\t<div class=\"elementor-element elementor-element-77680b8d elementor-widget elementor-widget-text-editor\" data-id=\"77680b8d\" data-element_type=\"widget\" data-widget_type=\"text-editor.default\">\n\t\t\t\t<div class=\"elementor-widget-container\">\n\t\t\t\t\t\t\t\t\t<p>Chalupa le\u017e\u00ed v odd\u011blen\u00e9 rekrea\u010dn\u00ed \u010d\u00e1sti m\u011bsta Kdyn\u011b, cca 10 kilometr\u016f jihoz\u00e1padn\u011b od Doma\u017elic pod kopcem Kor\u00e1b s dominantn\u00ed rozhlednou na rozhran\u00ed \u010cesk\u00e9ho lesa a \u0160umavy. Za zahradou za\u010d\u00edn\u00e1 les s mo\u017enost\u00ed vych\u00e1zek a cyklov\u00fdlet\u016f. P\u0159es ulici je p\u0159\u00edrodn\u00ed koupali\u0161t\u011b se skluzavkou, d\u011btsk\u00fdm h\u0159i\u0161t\u011bm, h\u0159i\u0161t\u011bm na beach volejbal a st\u00e1nkem s ob\u010derstven\u00edm (viz fotogalerie). Chalupa je vhodn\u00e1 pro rodiny s d\u011btmi, party turist\u016f a cyklist\u016f,&#8230;<\/p>\t\t\t\t\t\t\t\t<\/div>\n\t\t\t\t<\/div>\n\t\t\t\t<div class=\"elementor-element elementor-element-673bee84 elementor-mobile-align-center elementor-tablet-align-center elementor-widget elementor-widget-button\" data-id=\"673bee84\" data-element_type=\"widget\" data-widget_type=\"button.default\">\n\t\t\t\t<div class=\"elementor-widget-container\">\n\t\t\t\t\t\t\t\t\t<div class=\"elementor-button-wrapper\">\n\t\t\t\t\t<a class=\"elementor-button elementor-button-link elementor-size-sm\" href=\"https:\/\/www.na-hajovne.cz\/index.php\/about\/\">\n\t\t\t\t\t\t<span class=\"elementor-button-content-wrapper\">\n\t\t\t\t\t\t\t\t\t<span class=\"elementor-button-text\">Chci v\u011bd\u011bt v\u00edc<\/span>\n\t\t\t\t\t<\/span>\n\t\t\t\t\t<\/a>\n\t\t\t\t<\/div>\n\t\t\t\t\t\t\t\t<\/div>\n\t\t\t\t<\/div>\n\t\t\t\t\t<\/div>\n\t\t<\/div>\n\t\t\t\t\t<\/div>\n\t\t<\/section>\n\t\t\t\t<section class=\"elementor-section elementor-top-section elementor-element elementor-element-4076731b elementor-section-boxed elementor-section-height-default elementor-section-height-default\" data-id=\"4076731b\" data-element_type=\"section\" data-settings=\"{&quot;background_background&quot;:&quot;classic&quot;}\">\n\t\t\t\t\t\t\t<div class=\"elementor-background-overlay\"><\/div>\n\t\t\t\t\t\t\t<div class=\"elementor-container elementor-column-gap-no\">\n\t\t\t\t\t<div class=\"elementor-column elementor-col-100 elementor-top-column elementor-element elementor-element-7940ca75\" data-id=\"7940ca75\" data-element_type=\"column\">\n\t\t\t<div class=\"elementor-widget-wrap elementor-element-populated\">\n\t\t\t\t\t\t<div class=\"elementor-element elementor-element-8eb0793 elementor-widget elementor-widget-heading\" data-id=\"8eb0793\" data-element_type=\"widget\" data-widget_type=\"heading.default\">\n\t\t\t\t<div class=\"elementor-widget-container\">\n\t\t\t\t\t<h2 class=\"elementor-heading-title elementor-size-default\">Zarezervujte si term\u00edn:<\/h2>\t\t\t\t<\/div>\n\t\t\t\t<\/div>\n\t\t\t\t<div class=\"elementor-element elementor-element-c7eec9d elementor-widget elementor-widget-text-editor\" data-id=\"c7eec9d\" data-element_type=\"widget\" data-widget_type=\"text-editor.default\">\n\t\t\t\t<div class=\"elementor-widget-container\">\n\t\t\t\t\t\t\t\t\t<p>Chcete se ubytovat? M\u016f\u017eete n\u00e1s kontaktovat e- mailem, na Facebooku, Instagramu nebo n\u00e1m rovnou zavolat.<\/p>\t\t\t\t\t\t\t\t<\/div>\n\t\t\t\t<\/div>\n\t\t\t\t<div class=\"elementor-element elementor-element-1ad749e1 elementor-align-center elementor-widget elementor-widget-button\" data-id=\"1ad749e1\" data-element_type=\"widget\" data-widget_type=\"button.default\">\n\t\t\t\t<div class=\"elementor-widget-container\">\n\t\t\t\t\t\t\t\t\t<div class=\"elementor-button-wrapper\">\n\t\t\t\t\t<a class=\"elementor-button elementor-button-link elementor-size-lg\" href=\"https:\/\/www.na-hajovne.cz\/index.php\/contact\/\">\n\t\t\t\t\t\t<span class=\"elementor-button-content-wrapper\">\n\t\t\t\t\t\t\t\t\t<span class=\"elementor-button-text\">Kontaktujte n\u00e1s<\/span>\n\t\t\t\t\t<\/span>\n\t\t\t\t\t<\/a>\n\t\t\t\t<\/div>\n\t\t\t\t\t\t\t\t<\/div>\n\t\t\t\t<\/div>\n\t\t\t\t\t<\/div>\n\t\t<\/div>\n\t\t\t\t\t<\/div>\n\t\t<\/section>\n\t\t\t\t<section class=\"elementor-section elementor-top-section elementor-element elementor-element-4fa11189 elementor-section-boxed elementor-section-height-default elementor-section-height-default\" data-id=\"4fa11189\" data-element_type=\"section\" data-settings=\"{&quot;background_background&quot;:&quot;gradient&quot;}\">\n\t\t\t\t\t\t<div class=\"elementor-container elementor-column-gap-no\">\n\t\t\t\t\t<div class=\"elementor-column elementor-col-100 elementor-top-column elementor-element elementor-element-6a0cb495\" data-id=\"6a0cb495\" data-element_type=\"column\">\n\t\t\t<div class=\"elementor-widget-wrap elementor-element-populated\">\n\t\t\t\t\t\t<div class=\"elementor-element elementor-element-4d9d9662 gallery-spacing-custom elementor-widget elementor-widget-image-gallery\" data-id=\"4d9d9662\" data-element_type=\"widget\" data-settings=\"{&quot;_animation&quot;:&quot;none&quot;}\" data-widget_type=\"image-gallery.default\">\n\t\t\t\t<div class=\"elementor-widget-container\">\n\t\t\t\t\t\t\t<div class=\"elementor-image-gallery\">\n\t\t\t<div id='gallery-1' class='gallery galleryid-227 gallery-columns-3 gallery-size-medium_large'><figure class='gallery-item'>\n\t\t\t<div class='gallery-icon landscape'>\n\t\t\t\t<a data-elementor-open-lightbox=\"yes\" data-elementor-lightbox-slideshow=\"4d9d9662\" data-elementor-lightbox-title=\"Chalupa\" data-e-action-hash=\"#elementor-action%3Aaction%3Dlightbox%26settings%3DeyJpZCI6MTkzLCJ1cmwiOiJodHRwczpcL1wvd3d3Lm5hLWhham92bmUuY3pcL3dwLWNvbnRlbnRcL3VwbG9hZHNcLzIwMjBcLzA5XC9DaGFsdXBhLmpwZyIsInNsaWRlc2hvdyI6IjRkOWQ5NjYyIn0%3D\" href='https:\/\/www.na-hajovne.cz\/wp-content\/uploads\/2020\/09\/Chalupa.jpg'><img fetchpriority=\"high\" decoding=\"async\" width=\"768\" height=\"576\" src=\"https:\/\/www.na-hajovne.cz\/wp-content\/uploads\/2020\/09\/Chalupa-768x576.jpg\" class=\"attachment-medium_large size-medium_large\" alt=\"\" srcset=\"https:\/\/www.na-hajovne.cz\/wp-content\/uploads\/2020\/09\/Chalupa-768x576.jpg 768w, https:\/\/www.na-hajovne.cz\/wp-content\/uploads\/2020\/09\/Chalupa-300x225.jpg 300w, https:\/\/www.na-hajovne.cz\/wp-content\/uploads\/2020\/09\/Chalupa.jpg 1024w\" sizes=\"(max-width: 768px) 100vw, 768px\" \/><\/a>\n\t\t\t<\/div><\/figure><figure class='gallery-item'>\n\t\t\t<div class='gallery-icon landscape'>\n\t\t\t\t<a data-elementor-open-lightbox=\"yes\" data-elementor-lightbox-slideshow=\"4d9d9662\" data-elementor-lightbox-title=\"Gar\u00e1\u017e\" data-e-action-hash=\"#elementor-action%3Aaction%3Dlightbox%26settings%3DeyJpZCI6MTc1LCJ1cmwiOiJodHRwczpcL1wvd3d3Lm5hLWhham92bmUuY3pcL3dwLWNvbnRlbnRcL3VwbG9hZHNcLzIwMjBcLzA4XC9HYXJcdTAwZTFcdTAxN2UuanBnIiwic2xpZGVzaG93IjoiNGQ5ZDk2NjIifQ%3D%3D\" href='https:\/\/www.na-hajovne.cz\/wp-content\/uploads\/2020\/08\/Gar\u00e1\u017e.jpg'><img decoding=\"async\" width=\"768\" height=\"512\" src=\"https:\/\/www.na-hajovne.cz\/wp-content\/uploads\/2020\/08\/Gar\u00e1\u017e-768x512.jpg\" class=\"attachment-medium_large size-medium_large\" alt=\"\" srcset=\"https:\/\/www.na-hajovne.cz\/wp-content\/uploads\/2020\/08\/Gar\u00e1\u017e-768x512.jpg 768w, https:\/\/www.na-hajovne.cz\/wp-content\/uploads\/2020\/08\/Gar\u00e1\u017e-300x200.jpg 300w, https:\/\/www.na-hajovne.cz\/wp-content\/uploads\/2020\/08\/Gar\u00e1\u017e-1024x683.jpg 1024w, https:\/\/www.na-hajovne.cz\/wp-content\/uploads\/2020\/08\/Gar\u00e1\u017e.jpg 1800w\" sizes=\"(max-width: 768px) 100vw, 768px\" \/><\/a>\n\t\t\t<\/div><\/figure><figure class='gallery-item'>\n\t\t\t<div class='gallery-icon landscape'>\n\t\t\t\t<a data-elementor-open-lightbox=\"yes\" data-elementor-lightbox-slideshow=\"4d9d9662\" data-elementor-lightbox-title=\"dv\u016fr_a_krb 2\" data-e-action-hash=\"#elementor-action%3Aaction%3Dlightbox%26settings%3DeyJpZCI6MTYyLCJ1cmwiOiJodHRwczpcL1wvd3d3Lm5hLWhham92bmUuY3pcL3dwLWNvbnRlbnRcL3VwbG9hZHNcLzIwMjBcLzA4XC9kdlx1MDE2ZnJfYV9rcmItMi5qcGciLCJzbGlkZXNob3ciOiI0ZDlkOTY2MiJ9\" href='https:\/\/www.na-hajovne.cz\/wp-content\/uploads\/2020\/08\/dv\u016fr_a_krb-2.jpg'><img decoding=\"async\" width=\"768\" height=\"512\" src=\"https:\/\/www.na-hajovne.cz\/wp-content\/uploads\/2020\/08\/dv\u016fr_a_krb-2-768x512.jpg\" class=\"attachment-medium_large size-medium_large\" alt=\"\" srcset=\"https:\/\/www.na-hajovne.cz\/wp-content\/uploads\/2020\/08\/dv\u016fr_a_krb-2-768x512.jpg 768w, https:\/\/www.na-hajovne.cz\/wp-content\/uploads\/2020\/08\/dv\u016fr_a_krb-2-300x200.jpg 300w, https:\/\/www.na-hajovne.cz\/wp-content\/uploads\/2020\/08\/dv\u016fr_a_krb-2-1024x683.jpg 1024w, https:\/\/www.na-hajovne.cz\/wp-content\/uploads\/2020\/08\/dv\u016fr_a_krb-2.jpg 1800w\" sizes=\"(max-width: 768px) 100vw, 768px\" \/><\/a>\n\t\t\t<\/div><\/figure><figure class='gallery-item'>\n\t\t\t<div class='gallery-icon landscape'>\n\t\t\t\t<a data-elementor-open-lightbox=\"yes\" data-elementor-lightbox-slideshow=\"4d9d9662\" data-elementor-lightbox-title=\"podkrov\u00ed1\" data-e-action-hash=\"#elementor-action%3Aaction%3Dlightbox%26settings%3DeyJpZCI6MTcwLCJ1cmwiOiJodHRwczpcL1wvd3d3Lm5hLWhham92bmUuY3pcL3dwLWNvbnRlbnRcL3VwbG9hZHNcLzIwMjBcLzA4XC9wb2Rrcm92XHUwMGVkMS5qcGciLCJzbGlkZXNob3ciOiI0ZDlkOTY2MiJ9\" href='https:\/\/www.na-hajovne.cz\/wp-content\/uploads\/2020\/08\/podkrov\u00ed1.jpg'><img loading=\"lazy\" decoding=\"async\" width=\"768\" height=\"512\" src=\"https:\/\/www.na-hajovne.cz\/wp-content\/uploads\/2020\/08\/podkrov\u00ed1-768x512.jpg\" class=\"attachment-medium_large size-medium_large\" alt=\"\" srcset=\"https:\/\/www.na-hajovne.cz\/wp-content\/uploads\/2020\/08\/podkrov\u00ed1-768x512.jpg 768w, https:\/\/www.na-hajovne.cz\/wp-content\/uploads\/2020\/08\/podkrov\u00ed1-300x200.jpg 300w, https:\/\/www.na-hajovne.cz\/wp-content\/uploads\/2020\/08\/podkrov\u00ed1-1024x683.jpg 1024w, https:\/\/www.na-hajovne.cz\/wp-content\/uploads\/2020\/08\/podkrov\u00ed1.jpg 1800w\" sizes=\"(max-width: 768px) 100vw, 768px\" \/><\/a>\n\t\t\t<\/div><\/figure><figure class='gallery-item'>\n\t\t\t<div class='gallery-icon landscape'>\n\t\t\t\t<a data-elementor-open-lightbox=\"yes\" data-elementor-lightbox-slideshow=\"4d9d9662\" data-elementor-lightbox-title=\"ob\u00fdvac\u00ed pokoj 2\" data-e-action-hash=\"#elementor-action%3Aaction%3Dlightbox%26settings%3DeyJpZCI6MTY1LCJ1cmwiOiJodHRwczpcL1wvd3d3Lm5hLWhham92bmUuY3pcL3dwLWNvbnRlbnRcL3VwbG9hZHNcLzIwMjBcLzA4XC9vYlx1MDBmZHZhY1x1MDBlZC1wb2tvai0yLmpwZyIsInNsaWRlc2hvdyI6IjRkOWQ5NjYyIn0%3D\" href='https:\/\/www.na-hajovne.cz\/wp-content\/uploads\/2020\/08\/ob\u00fdvac\u00ed-pokoj-2.jpg'><img loading=\"lazy\" decoding=\"async\" width=\"768\" height=\"512\" src=\"https:\/\/www.na-hajovne.cz\/wp-content\/uploads\/2020\/08\/ob\u00fdvac\u00ed-pokoj-2-768x512.jpg\" class=\"attachment-medium_large size-medium_large\" alt=\"\" srcset=\"https:\/\/www.na-hajovne.cz\/wp-content\/uploads\/2020\/08\/ob\u00fdvac\u00ed-pokoj-2-768x512.jpg 768w, https:\/\/www.na-hajovne.cz\/wp-content\/uploads\/2020\/08\/ob\u00fdvac\u00ed-pokoj-2-300x200.jpg 300w, https:\/\/www.na-hajovne.cz\/wp-content\/uploads\/2020\/08\/ob\u00fdvac\u00ed-pokoj-2-1024x683.jpg 1024w, https:\/\/www.na-hajovne.cz\/wp-content\/uploads\/2020\/08\/ob\u00fdvac\u00ed-pokoj-2.jpg 1800w\" sizes=\"(max-width: 768px) 100vw, 768px\" \/><\/a>\n\t\t\t<\/div><\/figure><figure class='gallery-item'>\n\t\t\t<div class='gallery-icon landscape'>\n\t\t\t\t<a data-elementor-open-lightbox=\"yes\" data-elementor-lightbox-slideshow=\"4d9d9662\" data-elementor-lightbox-title=\"Kuchy\u0148\" data-e-action-hash=\"#elementor-action%3Aaction%3Dlightbox%26settings%3DeyJpZCI6MTY3LCJ1cmwiOiJodHRwczpcL1wvd3d3Lm5hLWhham92bmUuY3pcL3dwLWNvbnRlbnRcL3VwbG9hZHNcLzIwMjBcLzA4XC9LdWNoeVx1MDE0OC5qcGciLCJzbGlkZXNob3ciOiI0ZDlkOTY2MiJ9\" href='https:\/\/www.na-hajovne.cz\/wp-content\/uploads\/2020\/08\/Kuchy\u0148.jpg'><img loading=\"lazy\" decoding=\"async\" width=\"768\" height=\"512\" src=\"https:\/\/www.na-hajovne.cz\/wp-content\/uploads\/2020\/08\/Kuchy\u0148-768x512.jpg\" class=\"attachment-medium_large size-medium_large\" alt=\"\" srcset=\"https:\/\/www.na-hajovne.cz\/wp-content\/uploads\/2020\/08\/Kuchy\u0148-768x512.jpg 768w, https:\/\/www.na-hajovne.cz\/wp-content\/uploads\/2020\/08\/Kuchy\u0148-300x200.jpg 300w, https:\/\/www.na-hajovne.cz\/wp-content\/uploads\/2020\/08\/Kuchy\u0148-1024x683.jpg 1024w, https:\/\/www.na-hajovne.cz\/wp-content\/uploads\/2020\/08\/Kuchy\u0148.jpg 1800w\" sizes=\"(max-width: 768px) 100vw, 768px\" \/><\/a>\n\t\t\t<\/div><\/figure>\n\t\t<\/div>\n\t\t<\/div>\n\t\t\t\t\t\t<\/div>\n\t\t\t\t<\/div>\n\t\t\t\t\t<\/div>\n\t\t<\/div>\n\t\t\t\t\t<\/div>\n\t\t<\/section>\n\t\t\t\t<section class=\"elementor-section elementor-top-section elementor-element elementor-element-be99a72 elementor-section-boxed elementor-section-height-default elementor-section-height-default\" data-id=\"be99a72\" data-element_type=\"section\">\n\t\t\t\t\t\t<div class=\"elementor-container elementor-column-gap-default\">\n\t\t\t\t\t<div class=\"elementor-column elementor-col-100 elementor-top-column elementor-element elementor-element-32e0496\" data-id=\"32e0496\" data-element_type=\"column\">\n\t\t\t<div class=\"elementor-widget-wrap elementor-element-populated\">\n\t\t\t\t\t\t<div class=\"elementor-element elementor-element-f800807 elementor-widget elementor-widget-google_maps\" data-id=\"f800807\" data-element_type=\"widget\" data-settings=\"{&quot;_animation&quot;:&quot;none&quot;}\" data-widget_type=\"google_maps.default\">\n\t\t\t\t<div class=\"elementor-widget-container\">\n\t\t\t\t\t\t\t<div class=\"elementor-custom-embed\">\n\t\t\t<iframe loading=\"lazy\"\n\t\t\t\t\tsrc=\"https:\/\/maps.google.com\/maps?q=Chalupa%20u%20Koupali%C5%A1t%C4%9B%2C%20Kdyn%C4%9B&#038;t=m&#038;z=12&#038;output=embed&#038;iwloc=near\"\n\t\t\t\t\ttitle=\"Chalupa u Koupali\u0161t\u011b, Kdyn\u011b\"\n\t\t\t\t\taria-label=\"Chalupa u Koupali\u0161t\u011b, Kdyn\u011b\"\n\t\t\t><\/iframe>\n\t\t<\/div>\n\t\t\t\t\t\t<\/div>\n\t\t\t\t<\/div>\n\t\t\t\t\t<\/div>\n\t\t<\/div>\n\t\t\t\t\t<\/div>\n\t\t<\/section>\n\t\t\t\t<\/div>\n\t\t","protected":false},"excerpt":{"rendered":"<p>Ubytov\u00e1n\u00ed mezi \u0160umavou a \u010cesk\u00fdm lesem vybaven\u00ed galerie TYPY NA V\u00ddLETY nejlep\u0161\u00ed m\u00edsto pro va\u0161i dovolenou Chalupa le\u017e\u00ed v odd\u011blen\u00e9 rekrea\u010dn\u00ed \u010d\u00e1sti m\u011bsta Kdyn\u011b, cca 10 kilometr\u016f jihoz\u00e1padn\u011b od Doma\u017elic pod kopcem Kor\u00e1b s dominantn\u00ed rozhlednou na rozhran\u00ed \u010cesk\u00e9ho lesa a \u0160umavy. Za zahradou za\u010d\u00edn\u00e1 les s mo\u017enost\u00ed vych\u00e1zek a cyklov\u00fdlet\u016f. P\u0159es ulici je p\u0159\u00edrodn\u00ed [&hellip;]<\/p>\n","protected":false},"author":1,"featured_media":0,"parent":0,"menu_order":0,"comment_status":"closed","ping_status":"closed","template":"","meta":{"site-sidebar-layout":"no-sidebar","site-content-layout":"page-builder","ast-site-content-layout":"","site-content-style":"default","site-sidebar-style":"default","ast-global-header-display":"","ast-banner-title-visibility":"","ast-main-header-display":"","ast-hfb-above-header-display":"","ast-hfb-below-header-display":"","ast-hfb-mobile-header-display":"","site-post-title":"disabled","ast-breadcrumbs-content":"","ast-featured-img":"","footer-sml-layout":"","theme-transparent-header-meta":"enabled","adv-header-id-meta":"","stick-header-meta":"","header-above-stick-meta":"","header-main-stick-meta":"","header-below-stick-meta":"","astra-migrate-meta-layouts":"default","ast-page-background-enabled":"default","ast-page-background-meta":{"desktop":{"background-color":"var(--ast-global-color-4)","background-image":"","background-repeat":"repeat","background-position":"center center","background-size":"auto","background-attachment":"scroll","background-type":"","background-media":"","overlay-type":"","overlay-color":"","overlay-opacity":"","overlay-gradient":""},"tablet":{"background-color":"","background-image":"","background-repeat":"repeat","background-position":"center center","background-size":"auto","background-attachment":"scroll","background-type":"","background-media":"","overlay-type":"","overlay-color":"","overlay-opacity":"","overlay-gradient":""},"mobile":{"background-color":"","background-image":"","background-repeat":"repeat","background-position":"center center","background-size":"auto","background-attachment":"scroll","background-type":"","background-media":"","overlay-type":"","overlay-color":"","overlay-opacity":"","overlay-gradient":""}},"ast-content-background-meta":{"desktop":{"background-color":"var(--ast-global-color-5)","background-image":"","background-repeat":"repeat","background-position":"center center","background-size":"auto","background-attachment":"scroll","background-type":"","background-media":"","overlay-type":"","overlay-color":"","overlay-opacity":"","overlay-gradient":""},"tablet":{"background-color":"var(--ast-global-color-5)","background-image":"","background-repeat":"repeat","background-position":"center center","background-size":"auto","background-attachment":"scroll","background-type":"","background-media":"","overlay-type":"","overlay-color":"","overlay-opacity":"","overlay-gradient":""},"mobile":{"background-color":"var(--ast-global-color-5)","background-image":"","background-repeat":"repeat","background-position":"center center","background-size":"auto","background-attachment":"scroll","background-type":"","background-media":"","overlay-type":"","overlay-color":"","overlay-opacity":"","overlay-gradient":""}},"footnotes":""},"class_list":["post-227","page","type-page","status-publish","hentry"],"_links":{"self":[{"href":"https:\/\/www.na-hajovne.cz\/index.php\/wp-json\/wp\/v2\/pages\/227","targetHints":{"allow":["GET"]}}],"collection":[{"href":"https:\/\/www.na-hajovne.cz\/index.php\/wp-json\/wp\/v2\/pages"}],"about":[{"href":"https:\/\/www.na-hajovne.cz\/index.php\/wp-json\/wp\/v2\/types\/page"}],"author":[{"embeddable":true,"href":"https:\/\/www.na-hajovne.cz\/index.php\/wp-json\/wp\/v2\/users\/1"}],"replies":[{"embeddable":true,"href":"https:\/\/www.na-hajovne.cz\/index.php\/wp-json\/wp\/v2\/comments?post=227"}],"version-history":[{"count":67,"href":"https:\/\/www.na-hajovne.cz\/index.php\/wp-json\/wp\/v2\/pages\/227\/revisions"}],"predecessor-version":[{"id":544,"href":"https:\/\/www.na-hajovne.cz\/index.php\/wp-json\/wp\/v2\/pages\/227\/revisions\/544"}],"wp:attachment":[{"href":"https:\/\/www.na-hajovne.cz\/index.php\/wp-json\/wp\/v2\/media?parent=227"}],"curies":[{"name":"wp","href":"https:\/\/api.w.org\/{rel}","templated":true}]}}