{"id":32,"date":"2020-04-13T11:18:50","date_gmt":"2020-04-13T09:18:50","guid":{"rendered":"http:\/\/www.na-hajovne.cz\/index.php\/services\/"},"modified":"2020-11-25T20:30:20","modified_gmt":"2020-11-25T19:30:20","slug":"services","status":"publish","type":"page","link":"https:\/\/www.na-hajovne.cz\/index.php\/services\/","title":{"rendered":"Vybaven\u00ed"},"content":{"rendered":"\t\t<div data-elementor-type=\"wp-page\" data-elementor-id=\"32\" class=\"elementor elementor-32\">\n\t\t\t\t\t\t<section class=\"elementor-section elementor-top-section elementor-element elementor-element-1b0a5d33 elementor-section-boxed elementor-section-height-default elementor-section-height-default\" data-id=\"1b0a5d33\" data-element_type=\"section\" data-settings=\"{&quot;background_background&quot;:&quot;classic&quot;}\">\n\t\t\t\t\t\t\t<div class=\"elementor-background-overlay\"><\/div>\n\t\t\t\t\t\t\t<div class=\"elementor-container elementor-column-gap-default\">\n\t\t\t\t\t<div class=\"elementor-column elementor-col-100 elementor-top-column elementor-element elementor-element-1f841ba\" data-id=\"1f841ba\" data-element_type=\"column\">\n\t\t\t<div class=\"elementor-widget-wrap elementor-element-populated\">\n\t\t\t\t\t\t<div class=\"elementor-element elementor-element-365ba0bd elementor-widget elementor-widget-heading\" data-id=\"365ba0bd\" data-element_type=\"widget\" data-widget_type=\"heading.default\">\n\t\t\t\t<div class=\"elementor-widget-container\">\n\t\t\t\t\t<h1 class=\"elementor-heading-title elementor-size-default\">Vybaven\u00ed chalupy<\/h1>\t\t\t\t<\/div>\n\t\t\t\t<\/div>\n\t\t\t\t\t<\/div>\n\t\t<\/div>\n\t\t\t\t\t<\/div>\n\t\t<\/section>\n\t\t\t\t<section class=\"elementor-section elementor-top-section elementor-element elementor-element-11c9b5e elementor-section-content-middle elementor-section-boxed elementor-section-height-default elementor-section-height-default\" data-id=\"11c9b5e\" data-element_type=\"section\" data-settings=\"{&quot;background_background&quot;:&quot;classic&quot;}\">\n\t\t\t\t\t\t<div class=\"elementor-container elementor-column-gap-no\">\n\t\t\t\t\t<div class=\"elementor-column elementor-col-100 elementor-top-column elementor-element elementor-element-0587424\" data-id=\"0587424\" data-element_type=\"column\">\n\t\t\t<div class=\"elementor-widget-wrap elementor-element-populated\">\n\t\t\t\t\t\t<div class=\"elementor-element elementor-element-5f63d51 elementor-widget elementor-widget-text-editor\" data-id=\"5f63d51\" data-element_type=\"widget\" data-widget_type=\"text-editor.default\">\n\t\t\t\t<div class=\"elementor-widget-container\">\n\t\t\t\t\t\t\t\t\t<p>Chalupa k pron\u00e1jmu poskytuje ubytov\u00e1n\u00ed pro\u00a012\u00a0osob ve\u00a03\u00a0lo\u017enic\u00edch.<\/p><p><strong>Lo\u017enice a pokoje<\/strong>: Ubytov\u00e1ni budete sami. Chalupa m\u00e1 t\u0159i lo\u017enice, v p\u0159\u00edzem\u00ed s dvoul\u016f\u017ekem a dv\u011bma v\u00e1lendami, v podkrov\u00ed s dvoul\u016f\u017ekem a dv\u011bma v\u00e1lendami s mo\u017enost\u00ed rozlo\u017een\u00ed mal\u00e9ho gau\u010de na pohodln\u00e9 l\u016f\u017eko a podkrovn\u00ed pokoj\u00edk s palandou a v\u00e1lendou. V p\u0159\u00edzem\u00ed je velk\u00e1 vybaven\u00e1 kuchy\u0148, pokoj s televiz\u00ed a rozlo\u017eiteln\u00fdm gau\u010dem.<\/p><p><strong>Soci\u00e1ln\u00ed za\u0159\u00edzen\u00ed<\/strong>: V p\u0159\u00edzem\u00ed je nov\u011b rekonstruovan\u00e1 koupelna se sprchov\u00fdm koutem a WC a druh\u00e9 samostatn\u00e9 WC.<\/p><p><strong>Vyt\u00e1p\u011bn\u00ed<\/strong>: \u00dast\u0159edn\u00ed topen\u00ed s elektrokotlem a p\u0159ipojen\u00edm na krbov\u00e1 kamna v ob\u00fdvac\u00edm pokoji.<\/p><p><strong>Doprava, parkov\u00e1n\u00ed<\/strong>: Doprava, nejl\u00e9pe autem s mo\u017enost\u00ed parkov\u00e1n\u00ed ve dvo\u0159e, dvougar\u00e1\u017ei nebo p\u0159ed vraty. Zast\u00e1vka autobusu cca 50m (linka Kdyn\u011b &#8211; Mezholezy) autobusov\u00e9 n\u00e1dra\u017e\u00ed Kdyn\u011b cca 1,5 km, vlakov\u00e9 n\u00e1dra\u017e\u00ed cca 2 km.<\/p>\t\t\t\t\t\t\t\t<\/div>\n\t\t\t\t<\/div>\n\t\t\t\t\t<\/div>\n\t\t<\/div>\n\t\t\t\t\t<\/div>\n\t\t<\/section>\n\t\t\t\t<section class=\"elementor-section elementor-top-section elementor-element elementor-element-4d2c9e9 elementor-reverse-mobile elementor-section-boxed elementor-section-height-default elementor-section-height-default\" data-id=\"4d2c9e9\" data-element_type=\"section\">\n\t\t\t\t\t\t<div class=\"elementor-container elementor-column-gap-no\">\n\t\t\t\t\t<div class=\"elementor-column elementor-col-50 elementor-top-column elementor-element elementor-element-1148300\" data-id=\"1148300\" data-element_type=\"column\">\n\t\t\t<div class=\"elementor-widget-wrap elementor-element-populated\">\n\t\t\t\t\t\t<div class=\"elementor-element elementor-element-5070b618 elementor-widget elementor-widget-heading\" data-id=\"5070b618\" data-element_type=\"widget\" data-widget_type=\"heading.default\">\n\t\t\t\t<div class=\"elementor-widget-container\">\n\t\t\t\t\t<h2 class=\"elementor-heading-title elementor-size-default\">kuchy\u0148<\/h2>\t\t\t\t<\/div>\n\t\t\t\t<\/div>\n\t\t\t\t<div class=\"elementor-element elementor-element-62d352e2 elementor-widget elementor-widget-text-editor\" data-id=\"62d352e2\" data-element_type=\"widget\" data-widget_type=\"text-editor.default\">\n\t\t\t\t<div class=\"elementor-widget-container\">\n\t\t\t\t\t\t\t\t\t<p>Kuchyn\u011b s j\u00eddeln\u00edm koutem je pln\u011b vybaven\u00e1: d\u0159ez, elektrick\u00fd spor\u00e1k, mikrovlnn\u00e1 trouba, velk\u00e1 lednice s mraz\u00e1kem, rychlovarn\u00e1 konvice, my\u010dka, z\u00e1kladn\u00ed n\u00e1dob\u00ed. J\u00eddeln\u00ed st\u016fl a 6 \u017eidl\u00ed.<\/p>\t\t\t\t\t\t\t\t<\/div>\n\t\t\t\t<\/div>\n\t\t\t\t\t<\/div>\n\t\t<\/div>\n\t\t\t\t<div class=\"elementor-column elementor-col-50 elementor-top-column elementor-element elementor-element-7285665\" data-id=\"7285665\" data-element_type=\"column\">\n\t\t\t<div class=\"elementor-widget-wrap elementor-element-populated\">\n\t\t\t\t\t\t<div class=\"elementor-element elementor-element-508aa5f0 elementor-widget elementor-widget-image\" data-id=\"508aa5f0\" data-element_type=\"widget\" data-widget_type=\"image.default\">\n\t\t\t\t<div class=\"elementor-widget-container\">\n\t\t\t\t\t\t\t\t\t\t\t\t\t\t\t<img fetchpriority=\"high\" decoding=\"async\" width=\"1024\" height=\"683\" src=\"https:\/\/www.na-hajovne.cz\/wp-content\/uploads\/2020\/08\/Kuchy\u0148-1024x683.jpg\" class=\"attachment-large size-large wp-image-167\" alt=\"\" srcset=\"https:\/\/www.na-hajovne.cz\/wp-content\/uploads\/2020\/08\/Kuchy\u0148-1024x683.jpg 1024w, https:\/\/www.na-hajovne.cz\/wp-content\/uploads\/2020\/08\/Kuchy\u0148-300x200.jpg 300w, https:\/\/www.na-hajovne.cz\/wp-content\/uploads\/2020\/08\/Kuchy\u0148-768x512.jpg 768w, https:\/\/www.na-hajovne.cz\/wp-content\/uploads\/2020\/08\/Kuchy\u0148.jpg 1800w\" sizes=\"(max-width: 1024px) 100vw, 1024px\" \/>\t\t\t\t\t\t\t\t\t\t\t\t\t\t\t<\/div>\n\t\t\t\t<\/div>\n\t\t\t\t\t<\/div>\n\t\t<\/div>\n\t\t\t\t\t<\/div>\n\t\t<\/section>\n\t\t\t\t<section class=\"elementor-section elementor-top-section elementor-element elementor-element-9e09982 elementor-section-boxed elementor-section-height-default elementor-section-height-default\" data-id=\"9e09982\" data-element_type=\"section\">\n\t\t\t\t\t\t<div class=\"elementor-container elementor-column-gap-no\">\n\t\t\t\t\t<div class=\"elementor-column elementor-col-50 elementor-top-column elementor-element elementor-element-4b9de95\" data-id=\"4b9de95\" data-element_type=\"column\">\n\t\t\t<div class=\"elementor-widget-wrap elementor-element-populated\">\n\t\t\t\t\t\t<div class=\"elementor-element elementor-element-1fab74e0 elementor-widget elementor-widget-image\" data-id=\"1fab74e0\" data-element_type=\"widget\" data-widget_type=\"image.default\">\n\t\t\t\t<div class=\"elementor-widget-container\">\n\t\t\t\t\t\t\t\t\t\t\t\t\t\t\t<img decoding=\"async\" width=\"1024\" height=\"683\" src=\"https:\/\/www.na-hajovne.cz\/wp-content\/uploads\/2020\/08\/ob\u00fdvac\u00ed-pokoj-1-1024x683.jpg\" class=\"attachment-large size-large wp-image-166\" alt=\"\" srcset=\"https:\/\/www.na-hajovne.cz\/wp-content\/uploads\/2020\/08\/ob\u00fdvac\u00ed-pokoj-1-1024x683.jpg 1024w, https:\/\/www.na-hajovne.cz\/wp-content\/uploads\/2020\/08\/ob\u00fdvac\u00ed-pokoj-1-300x200.jpg 300w, https:\/\/www.na-hajovne.cz\/wp-content\/uploads\/2020\/08\/ob\u00fdvac\u00ed-pokoj-1-768x512.jpg 768w, https:\/\/www.na-hajovne.cz\/wp-content\/uploads\/2020\/08\/ob\u00fdvac\u00ed-pokoj-1.jpg 1200w\" sizes=\"(max-width: 1024px) 100vw, 1024px\" \/>\t\t\t\t\t\t\t\t\t\t\t\t\t\t\t<\/div>\n\t\t\t\t<\/div>\n\t\t\t\t\t<\/div>\n\t\t<\/div>\n\t\t\t\t<div class=\"elementor-column elementor-col-50 elementor-top-column elementor-element elementor-element-ddc17dc\" data-id=\"ddc17dc\" data-element_type=\"column\">\n\t\t\t<div class=\"elementor-widget-wrap elementor-element-populated\">\n\t\t\t\t\t\t<div class=\"elementor-element elementor-element-d8c8a33 elementor-widget elementor-widget-heading\" data-id=\"d8c8a33\" data-element_type=\"widget\" data-widget_type=\"heading.default\">\n\t\t\t\t<div class=\"elementor-widget-container\">\n\t\t\t\t\t<h2 class=\"elementor-heading-title elementor-size-default\">ob\u00fdv\u00e1c\u00ed pokoj s televiz\u00ed<\/h2>\t\t\t\t<\/div>\n\t\t\t\t<\/div>\n\t\t\t\t<div class=\"elementor-element elementor-element-3437ae6 elementor-widget elementor-widget-text-editor\" data-id=\"3437ae6\" data-element_type=\"widget\" data-widget_type=\"text-editor.default\">\n\t\t\t\t<div class=\"elementor-widget-container\">\n\t\t\t\t\t\t\t\t\t<p>Ob\u00fdvac\u00ed pokoj je vybaven\u00fd LED televizorem s p\u0159\u00edjmem DBVT &#8211; 2 vys\u00edl\u00e1n\u00ed.<\/p>\t\t\t\t\t\t\t\t<\/div>\n\t\t\t\t<\/div>\n\t\t\t\t\t<\/div>\n\t\t<\/div>\n\t\t\t\t\t<\/div>\n\t\t<\/section>\n\t\t\t\t<section class=\"elementor-section elementor-top-section elementor-element elementor-element-6027d0f elementor-reverse-mobile elementor-section-boxed elementor-section-height-default elementor-section-height-default\" data-id=\"6027d0f\" data-element_type=\"section\">\n\t\t\t\t\t\t<div class=\"elementor-container elementor-column-gap-no\">\n\t\t\t\t\t<div class=\"elementor-column elementor-col-50 elementor-top-column elementor-element elementor-element-355c572\" data-id=\"355c572\" data-element_type=\"column\">\n\t\t\t<div class=\"elementor-widget-wrap elementor-element-populated\">\n\t\t\t\t\t\t<div class=\"elementor-element elementor-element-8b4473b elementor-widget elementor-widget-heading\" data-id=\"8b4473b\" data-element_type=\"widget\" data-widget_type=\"heading.default\">\n\t\t\t\t<div class=\"elementor-widget-container\">\n\t\t\t\t\t<h2 class=\"elementor-heading-title elementor-size-default\">hern\u00ed m\u00edstnost<\/h2>\t\t\t\t<\/div>\n\t\t\t\t<\/div>\n\t\t\t\t<div class=\"elementor-element elementor-element-8962406 elementor-widget elementor-widget-text-editor\" data-id=\"8962406\" data-element_type=\"widget\" data-widget_type=\"text-editor.default\">\n\t\t\t\t<div class=\"elementor-widget-container\">\n\t\t\t\t\t\t\t\t\t<p>V objektu gar\u00e1\u017e\u00ed je prostorn\u00e1 m\u00edstnost s pingpongov\u00fdm stolem. Nach\u00e1z\u00ed se zde tak\u00e9 ter\u010d na \u0161ipky a dal\u0161\u00ed sportovn\u00ed n\u00e1\u010din\u00ed, kter\u00e9 je mo\u017eno si vyp\u016fj\u010dit.<\/p>\t\t\t\t\t\t\t\t<\/div>\n\t\t\t\t<\/div>\n\t\t\t\t\t<\/div>\n\t\t<\/div>\n\t\t\t\t<div class=\"elementor-column elementor-col-50 elementor-top-column elementor-element elementor-element-623a32c\" data-id=\"623a32c\" data-element_type=\"column\">\n\t\t\t<div class=\"elementor-widget-wrap elementor-element-populated\">\n\t\t\t\t\t\t<div class=\"elementor-element elementor-element-628e670 elementor-widget elementor-widget-image\" data-id=\"628e670\" data-element_type=\"widget\" data-widget_type=\"image.default\">\n\t\t\t\t<div class=\"elementor-widget-container\">\n\t\t\t\t\t\t\t\t\t\t\t\t\t\t\t<img decoding=\"async\" width=\"1024\" height=\"683\" src=\"https:\/\/www.na-hajovne.cz\/wp-content\/uploads\/2020\/08\/pingpong-1024x683.jpg\" class=\"attachment-large size-large wp-image-172\" alt=\"\" srcset=\"https:\/\/www.na-hajovne.cz\/wp-content\/uploads\/2020\/08\/pingpong-1024x683.jpg 1024w, https:\/\/www.na-hajovne.cz\/wp-content\/uploads\/2020\/08\/pingpong-300x200.jpg 300w, https:\/\/www.na-hajovne.cz\/wp-content\/uploads\/2020\/08\/pingpong-768x512.jpg 768w, https:\/\/www.na-hajovne.cz\/wp-content\/uploads\/2020\/08\/pingpong.jpg 1800w\" sizes=\"(max-width: 1024px) 100vw, 1024px\" \/>\t\t\t\t\t\t\t\t\t\t\t\t\t\t\t<\/div>\n\t\t\t\t<\/div>\n\t\t\t\t\t<\/div>\n\t\t<\/div>\n\t\t\t\t\t<\/div>\n\t\t<\/section>\n\t\t\t\t<\/div>\n\t\t","protected":false},"excerpt":{"rendered":"<p>Vybaven\u00ed chalupy Chalupa k pron\u00e1jmu poskytuje ubytov\u00e1n\u00ed pro\u00a012\u00a0osob ve\u00a03\u00a0lo\u017enic\u00edch. Lo\u017enice a pokoje: Ubytov\u00e1ni budete sami. Chalupa m\u00e1 t\u0159i lo\u017enice, v p\u0159\u00edzem\u00ed s dvoul\u016f\u017ekem a dv\u011bma v\u00e1lendami, v podkrov\u00ed s dvoul\u016f\u017ekem a dv\u011bma v\u00e1lendami s mo\u017enost\u00ed rozlo\u017een\u00ed mal\u00e9ho gau\u010de na pohodln\u00e9 l\u016f\u017eko a podkrovn\u00ed pokoj\u00edk s palandou a v\u00e1lendou. V p\u0159\u00edzem\u00ed je velk\u00e1 vybaven\u00e1 kuchy\u0148, pokoj [&hellip;]<\/p>\n","protected":false},"author":1,"featured_media":0,"parent":0,"menu_order":0,"comment_status":"closed","ping_status":"closed","template":"","meta":{"site-sidebar-layout":"no-sidebar","site-content-layout":"page-builder","ast-site-content-layout":"","site-content-style":"default","site-sidebar-style":"default","ast-global-header-display":"","ast-banner-title-visibility":"","ast-main-header-display":"","ast-hfb-above-header-display":"","ast-hfb-below-header-display":"","ast-hfb-mobile-header-display":"","site-post-title":"disabled","ast-breadcrumbs-content":"","ast-featured-img":"","footer-sml-layout":"","theme-transparent-header-meta":"enabled","adv-header-id-meta":"","stick-header-meta":"","header-above-stick-meta":"","header-main-stick-meta":"","header-below-stick-meta":"","astra-migrate-meta-layouts":"default","ast-page-background-enabled":"default","ast-page-background-meta":{"desktop":{"background-color":"var(--ast-global-color-4)","background-image":"","background-repeat":"repeat","background-position":"center center","background-size":"auto","background-attachment":"scroll","background-type":"","background-media":"","overlay-type":"","overlay-color":"","overlay-opacity":"","overlay-gradient":""},"tablet":{"background-color":"","background-image":"","background-repeat":"repeat","background-position":"center center","background-size":"auto","background-attachment":"scroll","background-type":"","background-media":"","overlay-type":"","overlay-color":"","overlay-opacity":"","overlay-gradient":""},"mobile":{"background-color":"","background-image":"","background-repeat":"repeat","background-position":"center center","background-size":"auto","background-attachment":"scroll","background-type":"","background-media":"","overlay-type":"","overlay-color":"","overlay-opacity":"","overlay-gradient":""}},"ast-content-background-meta":{"desktop":{"background-color":"var(--ast-global-color-5)","background-image":"","background-repeat":"repeat","background-position":"center center","background-size":"auto","background-attachment":"scroll","background-type":"","background-media":"","overlay-type":"","overlay-color":"","overlay-opacity":"","overlay-gradient":""},"tablet":{"background-color":"var(--ast-global-color-5)","background-image":"","background-repeat":"repeat","background-position":"center center","background-size":"auto","background-attachment":"scroll","background-type":"","background-media":"","overlay-type":"","overlay-color":"","overlay-opacity":"","overlay-gradient":""},"mobile":{"background-color":"var(--ast-global-color-5)","background-image":"","background-repeat":"repeat","background-position":"center center","background-size":"auto","background-attachment":"scroll","background-type":"","background-media":"","overlay-type":"","overlay-color":"","overlay-opacity":"","overlay-gradient":""}},"footnotes":""},"class_list":["post-32","page","type-page","status-publish","hentry"],"_links":{"self":[{"href":"https:\/\/www.na-hajovne.cz\/index.php\/wp-json\/wp\/v2\/pages\/32","targetHints":{"allow":["GET"]}}],"collection":[{"href":"https:\/\/www.na-hajovne.cz\/index.php\/wp-json\/wp\/v2\/pages"}],"about":[{"href":"https:\/\/www.na-hajovne.cz\/index.php\/wp-json\/wp\/v2\/types\/page"}],"author":[{"embeddable":true,"href":"https:\/\/www.na-hajovne.cz\/index.php\/wp-json\/wp\/v2\/users\/1"}],"replies":[{"embeddable":true,"href":"https:\/\/www.na-hajovne.cz\/index.php\/wp-json\/wp\/v2\/comments?post=32"}],"version-history":[{"count":8,"href":"https:\/\/www.na-hajovne.cz\/index.php\/wp-json\/wp\/v2\/pages\/32\/revisions"}],"predecessor-version":[{"id":380,"href":"https:\/\/www.na-hajovne.cz\/index.php\/wp-json\/wp\/v2\/pages\/32\/revisions\/380"}],"wp:attachment":[{"href":"https:\/\/www.na-hajovne.cz\/index.php\/wp-json\/wp\/v2\/media?parent=32"}],"curies":[{"name":"wp","href":"https:\/\/api.w.org\/{rel}","templated":true}]}}